{"id":169,"date":"2022-10-04T08:40:27","date_gmt":"2022-10-04T08:40:27","guid":{"rendered":"https:\/\/eorganiceu.com\/?page_id=169"},"modified":"2023-04-03T07:02:02","modified_gmt":"2023-04-03T07:02:02","slug":"e-curso","status":"publish","type":"page","link":"https:\/\/eorganiceu.com\/?page_id=169&lang=es","title":{"rendered":"e-Curso"},"content":{"rendered":"\t\t<div data-elementor-type=\"wp-page\" data-elementor-id=\"169\" class=\"elementor elementor-169\">\n\t\t\t\t\t\t<section class=\"elementor-section elementor-top-section elementor-element elementor-element-3046f0cd elementor-section-content-middle elementor-section-boxed elementor-section-height-default elementor-section-height-default\" data-id=\"3046f0cd\" data-element_type=\"section\">\n\t\t\t\t\t\t<div class=\"elementor-container elementor-column-gap-no\">\n\t\t\t\t\t<div class=\"elementor-column elementor-col-100 elementor-top-column elementor-element elementor-element-2e307f8b\" data-id=\"2e307f8b\" data-element_type=\"column\">\n\t\t\t<div class=\"elementor-widget-wrap elementor-element-populated\">\n\t\t\t\t\t\t<section class=\"elementor-section elementor-inner-section elementor-element elementor-element-2a118b6a elementor-section-boxed elementor-section-height-default elementor-section-height-default\" data-id=\"2a118b6a\" data-element_type=\"section\">\n\t\t\t\t\t\t<div class=\"elementor-container elementor-column-gap-default\">\n\t\t\t\t\t<div class=\"elementor-column elementor-col-33 elementor-inner-column elementor-element elementor-element-4df3f189\" data-id=\"4df3f189\" data-element_type=\"column\">\n\t\t\t<div class=\"elementor-widget-wrap elementor-element-populated\">\n\t\t\t\t\t<div class=\"elementor-background-overlay\"><\/div>\n\t\t\t\t\t\t<div class=\"elementor-element elementor-element-55c60c4c elementor-widget elementor-widget-image\" data-id=\"55c60c4c\" data-element_type=\"widget\" data-widget_type=\"image.default\">\n\t\t\t\t<div class=\"elementor-widget-container\">\n\t\t\t\t\t\t\t\t\t\t\t\t<figure class=\"wp-caption\">\n\t\t\t\t\t\t\t\t\t\t\t<a href=\"http:\/\/www.eorganiceu.com\/download\/historia\/\" target=\"_blank\">\n\t\t\t\t\t\t\t<img fetchpriority=\"high\" decoding=\"async\" width=\"1024\" height=\"965\" src=\"https:\/\/eorganiceu.com\/wp-content\/uploads\/2022\/10\/logo_son-1024x965.jpg\" class=\"elementor-animation-grow attachment-large size-large wp-image-326\" alt=\"\" srcset=\"https:\/\/eorganiceu.com\/wp-content\/uploads\/2022\/10\/logo_son-1024x965.jpg 1024w, https:\/\/eorganiceu.com\/wp-content\/uploads\/2022\/10\/logo_son-300x283.jpg 300w, https:\/\/eorganiceu.com\/wp-content\/uploads\/2022\/10\/logo_son-768x724.jpg 768w, https:\/\/eorganiceu.com\/wp-content\/uploads\/2022\/10\/logo_son.jpg 1172w\" sizes=\"(max-width: 1024px) 100vw, 1024px\" \/>\t\t\t\t\t\t\t\t<\/a>\n\t\t\t\t\t\t\t\t\t\t\t<figcaption class=\"widget-image-caption wp-caption-text\">Historia<\/figcaption>\n\t\t\t\t\t\t\t\t\t\t<\/figure>\n\t\t\t\t\t\t\t\t\t<\/div>\n\t\t\t\t<\/div>\n\t\t\t\t\t<\/div>\n\t\t<\/div>\n\t\t\t\t<div class=\"elementor-column elementor-col-33 elementor-inner-column elementor-element elementor-element-3f037137\" data-id=\"3f037137\" data-element_type=\"column\" data-settings=\"{&quot;background_background&quot;:&quot;slideshow&quot;,&quot;background_slideshow_gallery&quot;:[],&quot;background_slideshow_loop&quot;:&quot;yes&quot;,&quot;background_slideshow_slide_duration&quot;:5000,&quot;background_slideshow_slide_transition&quot;:&quot;fade&quot;,&quot;background_slideshow_transition_duration&quot;:500}\">\n\t\t\t<div class=\"elementor-widget-wrap elementor-element-populated\">\n\t\t\t\t\t\t<div class=\"elementor-element elementor-element-7e5488d5 elementor-widget elementor-widget-image\" data-id=\"7e5488d5\" data-element_type=\"widget\" data-widget_type=\"image.default\">\n\t\t\t\t<div class=\"elementor-widget-container\">\n\t\t\t\t\t\t\t\t\t\t\t\t<figure class=\"wp-caption\">\n\t\t\t\t\t\t\t\t\t\t\t<a href=\"http:\/\/www.eorganiceu.com\/download\/legislacion-y-policticas-de-certificacion\/\" target=\"_blank\">\n\t\t\t\t\t\t\t<img fetchpriority=\"high\" decoding=\"async\" width=\"1024\" height=\"965\" src=\"https:\/\/eorganiceu.com\/wp-content\/uploads\/2022\/10\/logo_son-1024x965.jpg\" class=\"elementor-animation-grow attachment-large size-large wp-image-326\" alt=\"\" srcset=\"https:\/\/eorganiceu.com\/wp-content\/uploads\/2022\/10\/logo_son-1024x965.jpg 1024w, https:\/\/eorganiceu.com\/wp-content\/uploads\/2022\/10\/logo_son-300x283.jpg 300w, https:\/\/eorganiceu.com\/wp-content\/uploads\/2022\/10\/logo_son-768x724.jpg 768w, https:\/\/eorganiceu.com\/wp-content\/uploads\/2022\/10\/logo_son.jpg 1172w\" sizes=\"(max-width: 1024px) 100vw, 1024px\" \/>\t\t\t\t\t\t\t\t<\/a>\n\t\t\t\t\t\t\t\t\t\t\t<figcaption class=\"widget-image-caption wp-caption-text\">Legislaci\u00f3n Y Pol\u00edcticas De Certificaci\u00f3n<\/figcaption>\n\t\t\t\t\t\t\t\t\t\t<\/figure>\n\t\t\t\t\t\t\t\t\t<\/div>\n\t\t\t\t<\/div>\n\t\t\t\t\t<\/div>\n\t\t<\/div>\n\t\t\t\t<div class=\"elementor-column elementor-col-33 elementor-inner-column elementor-element elementor-element-71424777\" data-id=\"71424777\" data-element_type=\"column\" data-settings=\"{&quot;background_background&quot;:&quot;slideshow&quot;,&quot;background_slideshow_gallery&quot;:[],&quot;background_slideshow_loop&quot;:&quot;yes&quot;,&quot;background_slideshow_slide_duration&quot;:5000,&quot;background_slideshow_slide_transition&quot;:&quot;fade&quot;,&quot;background_slideshow_transition_duration&quot;:500}\">\n\t\t\t<div class=\"elementor-widget-wrap elementor-element-populated\">\n\t\t\t\t\t\t<div class=\"elementor-element elementor-element-797882d1 elementor-widget elementor-widget-image\" data-id=\"797882d1\" data-element_type=\"widget\" data-widget_type=\"image.default\">\n\t\t\t\t<div class=\"elementor-widget-container\">\n\t\t\t\t\t\t\t\t\t\t\t\t<figure class=\"wp-caption\">\n\t\t\t\t\t\t\t\t\t\t\t<a href=\"http:\/\/www.eorganiceu.com\/download\/ecologia\" target=\"_blank\">\n\t\t\t\t\t\t\t<img fetchpriority=\"high\" decoding=\"async\" width=\"1024\" height=\"965\" src=\"https:\/\/eorganiceu.com\/wp-content\/uploads\/2022\/10\/logo_son-1024x965.jpg\" class=\"elementor-animation-grow attachment-large size-large wp-image-326\" alt=\"\" srcset=\"https:\/\/eorganiceu.com\/wp-content\/uploads\/2022\/10\/logo_son-1024x965.jpg 1024w, https:\/\/eorganiceu.com\/wp-content\/uploads\/2022\/10\/logo_son-300x283.jpg 300w, https:\/\/eorganiceu.com\/wp-content\/uploads\/2022\/10\/logo_son-768x724.jpg 768w, https:\/\/eorganiceu.com\/wp-content\/uploads\/2022\/10\/logo_son.jpg 1172w\" sizes=\"(max-width: 1024px) 100vw, 1024px\" \/>\t\t\t\t\t\t\t\t<\/a>\n\t\t\t\t\t\t\t\t\t\t\t<figcaption class=\"widget-image-caption wp-caption-text\">Ecologia<\/figcaption>\n\t\t\t\t\t\t\t\t\t\t<\/figure>\n\t\t\t\t\t\t\t\t\t<\/div>\n\t\t\t\t<\/div>\n\t\t\t\t\t<\/div>\n\t\t<\/div>\n\t\t\t\t\t<\/div>\n\t\t<\/section>\n\t\t\t\t<section class=\"elementor-section elementor-inner-section elementor-element elementor-element-3bc3c045 elementor-section-boxed elementor-section-height-default elementor-section-height-default\" data-id=\"3bc3c045\" data-element_type=\"section\">\n\t\t\t\t\t\t<div class=\"elementor-container elementor-column-gap-default\">\n\t\t\t\t\t<div class=\"elementor-column elementor-col-33 elementor-inner-column elementor-element elementor-element-360a9507\" data-id=\"360a9507\" data-element_type=\"column\" data-settings=\"{&quot;background_background&quot;:&quot;slideshow&quot;,&quot;background_slideshow_gallery&quot;:[],&quot;background_slideshow_loop&quot;:&quot;yes&quot;,&quot;background_slideshow_slide_duration&quot;:5000,&quot;background_slideshow_slide_transition&quot;:&quot;fade&quot;,&quot;background_slideshow_transition_duration&quot;:500}\">\n\t\t\t<div class=\"elementor-widget-wrap elementor-element-populated\">\n\t\t\t\t\t\t<div class=\"elementor-element elementor-element-5a297a05 elementor-widget elementor-widget-image\" data-id=\"5a297a05\" data-element_type=\"widget\" data-widget_type=\"image.default\">\n\t\t\t\t<div class=\"elementor-widget-container\">\n\t\t\t\t\t\t\t\t\t\t\t\t<figure class=\"wp-caption\">\n\t\t\t\t\t\t\t\t\t\t\t<a href=\"http:\/\/www.eorganiceu.com\/download\/ethologia\" target=\"_blank\">\n\t\t\t\t\t\t\t<img fetchpriority=\"high\" decoding=\"async\" width=\"1024\" height=\"965\" src=\"https:\/\/eorganiceu.com\/wp-content\/uploads\/2022\/10\/logo_son-1024x965.jpg\" class=\"elementor-animation-grow attachment-large size-large wp-image-326\" alt=\"\" srcset=\"https:\/\/eorganiceu.com\/wp-content\/uploads\/2022\/10\/logo_son-1024x965.jpg 1024w, https:\/\/eorganiceu.com\/wp-content\/uploads\/2022\/10\/logo_son-300x283.jpg 300w, https:\/\/eorganiceu.com\/wp-content\/uploads\/2022\/10\/logo_son-768x724.jpg 768w, https:\/\/eorganiceu.com\/wp-content\/uploads\/2022\/10\/logo_son.jpg 1172w\" sizes=\"(max-width: 1024px) 100vw, 1024px\" \/>\t\t\t\t\t\t\t\t<\/a>\n\t\t\t\t\t\t\t\t\t\t\t<figcaption class=\"widget-image-caption wp-caption-text\">Ethologia<\/figcaption>\n\t\t\t\t\t\t\t\t\t\t<\/figure>\n\t\t\t\t\t\t\t\t\t<\/div>\n\t\t\t\t<\/div>\n\t\t\t\t\t<\/div>\n\t\t<\/div>\n\t\t\t\t<div class=\"elementor-column elementor-col-33 elementor-inner-column elementor-element elementor-element-7f2417f6\" data-id=\"7f2417f6\" data-element_type=\"column\">\n\t\t\t<div class=\"elementor-widget-wrap elementor-element-populated\">\n\t\t\t\t\t\t<div class=\"elementor-element elementor-element-3cccc1b elementor-widget elementor-widget-image\" data-id=\"3cccc1b\" data-element_type=\"widget\" data-widget_type=\"image.default\">\n\t\t\t\t<div class=\"elementor-widget-container\">\n\t\t\t\t\t\t\t\t\t\t\t\t<figure class=\"wp-caption\">\n\t\t\t\t\t\t\t\t\t\t\t<a href=\"http:\/\/www.eorganiceu.com\/download\/cria\" target=\"_blank\">\n\t\t\t\t\t\t\t<img fetchpriority=\"high\" decoding=\"async\" width=\"1024\" height=\"965\" src=\"https:\/\/eorganiceu.com\/wp-content\/uploads\/2022\/10\/logo_son-1024x965.jpg\" class=\"elementor-animation-grow attachment-large size-large wp-image-326\" alt=\"\" srcset=\"https:\/\/eorganiceu.com\/wp-content\/uploads\/2022\/10\/logo_son-1024x965.jpg 1024w, https:\/\/eorganiceu.com\/wp-content\/uploads\/2022\/10\/logo_son-300x283.jpg 300w, https:\/\/eorganiceu.com\/wp-content\/uploads\/2022\/10\/logo_son-768x724.jpg 768w, https:\/\/eorganiceu.com\/wp-content\/uploads\/2022\/10\/logo_son.jpg 1172w\" sizes=\"(max-width: 1024px) 100vw, 1024px\" \/>\t\t\t\t\t\t\t\t<\/a>\n\t\t\t\t\t\t\t\t\t\t\t<figcaption class=\"widget-image-caption wp-caption-text\">Cria<\/figcaption>\n\t\t\t\t\t\t\t\t\t\t<\/figure>\n\t\t\t\t\t\t\t\t\t<\/div>\n\t\t\t\t<\/div>\n\t\t\t\t\t<\/div>\n\t\t<\/div>\n\t\t\t\t<div class=\"elementor-column elementor-col-33 elementor-inner-column elementor-element elementor-element-91d320f\" data-id=\"91d320f\" data-element_type=\"column\" data-settings=\"{&quot;background_background&quot;:&quot;slideshow&quot;,&quot;background_slideshow_gallery&quot;:[],&quot;background_slideshow_loop&quot;:&quot;yes&quot;,&quot;background_slideshow_slide_duration&quot;:5000,&quot;background_slideshow_slide_transition&quot;:&quot;fade&quot;,&quot;background_slideshow_transition_duration&quot;:500}\">\n\t\t\t<div class=\"elementor-widget-wrap elementor-element-populated\">\n\t\t\t\t\t\t<div class=\"elementor-element elementor-element-756ba655 elementor-widget elementor-widget-image\" data-id=\"756ba655\" data-element_type=\"widget\" data-widget_type=\"image.default\">\n\t\t\t\t<div class=\"elementor-widget-container\">\n\t\t\t\t\t\t\t\t\t\t\t\t<figure class=\"wp-caption\">\n\t\t\t\t\t\t\t\t\t\t\t<a href=\"http:\/\/www.eorganiceu.com\/download\/salud-y-bienestar-animal\" target=\"_blank\">\n\t\t\t\t\t\t\t<img fetchpriority=\"high\" decoding=\"async\" width=\"1024\" height=\"965\" src=\"https:\/\/eorganiceu.com\/wp-content\/uploads\/2022\/10\/logo_son-1024x965.jpg\" class=\"elementor-animation-grow attachment-large size-large wp-image-326\" alt=\"\" srcset=\"https:\/\/eorganiceu.com\/wp-content\/uploads\/2022\/10\/logo_son-1024x965.jpg 1024w, https:\/\/eorganiceu.com\/wp-content\/uploads\/2022\/10\/logo_son-300x283.jpg 300w, https:\/\/eorganiceu.com\/wp-content\/uploads\/2022\/10\/logo_son-768x724.jpg 768w, https:\/\/eorganiceu.com\/wp-content\/uploads\/2022\/10\/logo_son.jpg 1172w\" sizes=\"(max-width: 1024px) 100vw, 1024px\" \/>\t\t\t\t\t\t\t\t<\/a>\n\t\t\t\t\t\t\t\t\t\t\t<figcaption class=\"widget-image-caption wp-caption-text\">Salud Y Bienestar Animal<\/figcaption>\n\t\t\t\t\t\t\t\t\t\t<\/figure>\n\t\t\t\t\t\t\t\t\t<\/div>\n\t\t\t\t<\/div>\n\t\t\t\t\t<\/div>\n\t\t<\/div>\n\t\t\t\t\t<\/div>\n\t\t<\/section>\n\t\t\t\t<section class=\"elementor-section elementor-inner-section elementor-element elementor-element-517ebd0b elementor-section-boxed elementor-section-height-default elementor-section-height-default\" data-id=\"517ebd0b\" data-element_type=\"section\">\n\t\t\t\t\t\t<div class=\"elementor-container elementor-column-gap-default\">\n\t\t\t\t\t<div class=\"elementor-column elementor-col-33 elementor-inner-column elementor-element elementor-element-5a5c84a1\" data-id=\"5a5c84a1\" data-element_type=\"column\" data-settings=\"{&quot;background_background&quot;:&quot;slideshow&quot;,&quot;background_slideshow_gallery&quot;:[],&quot;background_slideshow_loop&quot;:&quot;yes&quot;,&quot;background_slideshow_slide_duration&quot;:5000,&quot;background_slideshow_slide_transition&quot;:&quot;fade&quot;,&quot;background_slideshow_transition_duration&quot;:500}\">\n\t\t\t<div class=\"elementor-widget-wrap elementor-element-populated\">\n\t\t\t\t\t\t<div class=\"elementor-element elementor-element-6f490393 elementor-widget elementor-widget-image\" data-id=\"6f490393\" data-element_type=\"widget\" data-widget_type=\"image.default\">\n\t\t\t\t<div class=\"elementor-widget-container\">\n\t\t\t\t\t\t\t\t\t\t\t\t<figure class=\"wp-caption\">\n\t\t\t\t\t\t\t\t\t\t\t<a href=\"http:\/\/www.eorganiceu.com\/download\/reproduccion\" target=\"_blank\">\n\t\t\t\t\t\t\t<img fetchpriority=\"high\" decoding=\"async\" width=\"1024\" height=\"965\" src=\"https:\/\/eorganiceu.com\/wp-content\/uploads\/2022\/10\/logo_son-1024x965.jpg\" class=\"elementor-animation-grow attachment-large size-large wp-image-326\" alt=\"\" srcset=\"https:\/\/eorganiceu.com\/wp-content\/uploads\/2022\/10\/logo_son-1024x965.jpg 1024w, https:\/\/eorganiceu.com\/wp-content\/uploads\/2022\/10\/logo_son-300x283.jpg 300w, https:\/\/eorganiceu.com\/wp-content\/uploads\/2022\/10\/logo_son-768x724.jpg 768w, https:\/\/eorganiceu.com\/wp-content\/uploads\/2022\/10\/logo_son.jpg 1172w\" sizes=\"(max-width: 1024px) 100vw, 1024px\" \/>\t\t\t\t\t\t\t\t<\/a>\n\t\t\t\t\t\t\t\t\t\t\t<figcaption class=\"widget-image-caption wp-caption-text\">Reproducci\u00f3n<\/figcaption>\n\t\t\t\t\t\t\t\t\t\t<\/figure>\n\t\t\t\t\t\t\t\t\t<\/div>\n\t\t\t\t<\/div>\n\t\t\t\t\t<\/div>\n\t\t<\/div>\n\t\t\t\t<div class=\"elementor-column elementor-col-33 elementor-inner-column elementor-element elementor-element-2128e88b\" data-id=\"2128e88b\" data-element_type=\"column\" data-settings=\"{&quot;background_background&quot;:&quot;slideshow&quot;,&quot;background_slideshow_gallery&quot;:[],&quot;background_slideshow_loop&quot;:&quot;yes&quot;,&quot;background_slideshow_slide_duration&quot;:5000,&quot;background_slideshow_slide_transition&quot;:&quot;fade&quot;,&quot;background_slideshow_transition_duration&quot;:500}\">\n\t\t\t<div class=\"elementor-widget-wrap elementor-element-populated\">\n\t\t\t\t\t\t<div class=\"elementor-element elementor-element-186a5c0a elementor-widget elementor-widget-image\" data-id=\"186a5c0a\" data-element_type=\"widget\" data-widget_type=\"image.default\">\n\t\t\t\t<div class=\"elementor-widget-container\">\n\t\t\t\t\t\t\t\t\t\t\t\t<figure class=\"wp-caption\">\n\t\t\t\t\t\t\t\t\t\t\t<a href=\"http:\/\/www.eorganiceu.com\/download\/nutricion\" target=\"_blank\">\n\t\t\t\t\t\t\t<img fetchpriority=\"high\" decoding=\"async\" width=\"1024\" height=\"965\" src=\"https:\/\/eorganiceu.com\/wp-content\/uploads\/2022\/10\/logo_son-1024x965.jpg\" class=\"elementor-animation-grow attachment-large size-large wp-image-326\" alt=\"\" srcset=\"https:\/\/eorganiceu.com\/wp-content\/uploads\/2022\/10\/logo_son-1024x965.jpg 1024w, https:\/\/eorganiceu.com\/wp-content\/uploads\/2022\/10\/logo_son-300x283.jpg 300w, https:\/\/eorganiceu.com\/wp-content\/uploads\/2022\/10\/logo_son-768x724.jpg 768w, https:\/\/eorganiceu.com\/wp-content\/uploads\/2022\/10\/logo_son.jpg 1172w\" sizes=\"(max-width: 1024px) 100vw, 1024px\" \/>\t\t\t\t\t\t\t\t<\/a>\n\t\t\t\t\t\t\t\t\t\t\t<figcaption class=\"widget-image-caption wp-caption-text\">Nutrici\u00f3n<\/figcaption>\n\t\t\t\t\t\t\t\t\t\t<\/figure>\n\t\t\t\t\t\t\t\t\t<\/div>\n\t\t\t\t<\/div>\n\t\t\t\t\t<\/div>\n\t\t<\/div>\n\t\t\t\t<div class=\"elementor-column elementor-col-33 elementor-inner-column elementor-element elementor-element-5530eb60\" data-id=\"5530eb60\" data-element_type=\"column\" data-settings=\"{&quot;background_background&quot;:&quot;slideshow&quot;,&quot;background_slideshow_gallery&quot;:[],&quot;background_slideshow_loop&quot;:&quot;yes&quot;,&quot;background_slideshow_slide_duration&quot;:5000,&quot;background_slideshow_slide_transition&quot;:&quot;fade&quot;,&quot;background_slideshow_transition_duration&quot;:500}\">\n\t\t\t<div class=\"elementor-widget-wrap elementor-element-populated\">\n\t\t\t\t\t\t<div class=\"elementor-element elementor-element-44044934 elementor-widget elementor-widget-image\" data-id=\"44044934\" data-element_type=\"widget\" data-widget_type=\"image.default\">\n\t\t\t\t<div class=\"elementor-widget-container\">\n\t\t\t\t\t\t\t\t\t\t\t\t<figure class=\"wp-caption\">\n\t\t\t\t\t\t\t\t\t\t\t<a href=\"http:\/\/www.eorganiceu.com\/download\/gestion-de-explotaciones\" target=\"_blank\">\n\t\t\t\t\t\t\t<img fetchpriority=\"high\" decoding=\"async\" width=\"1024\" height=\"965\" src=\"https:\/\/eorganiceu.com\/wp-content\/uploads\/2022\/10\/logo_son-1024x965.jpg\" class=\"elementor-animation-grow attachment-large size-large wp-image-326\" alt=\"\" srcset=\"https:\/\/eorganiceu.com\/wp-content\/uploads\/2022\/10\/logo_son-1024x965.jpg 1024w, https:\/\/eorganiceu.com\/wp-content\/uploads\/2022\/10\/logo_son-300x283.jpg 300w, https:\/\/eorganiceu.com\/wp-content\/uploads\/2022\/10\/logo_son-768x724.jpg 768w, https:\/\/eorganiceu.com\/wp-content\/uploads\/2022\/10\/logo_son.jpg 1172w\" sizes=\"(max-width: 1024px) 100vw, 1024px\" \/>\t\t\t\t\t\t\t\t<\/a>\n\t\t\t\t\t\t\t\t\t\t\t<figcaption class=\"widget-image-caption wp-caption-text\">Gesti\u00f3n de explotaciones<\/figcaption>\n\t\t\t\t\t\t\t\t\t\t<\/figure>\n\t\t\t\t\t\t\t\t\t<\/div>\n\t\t\t\t<\/div>\n\t\t\t\t\t<\/div>\n\t\t<\/div>\n\t\t\t\t\t<\/div>\n\t\t<\/section>\n\t\t\t\t<section class=\"elementor-section elementor-inner-section elementor-element elementor-element-4ac1f3c6 elementor-section-boxed elementor-section-height-default elementor-section-height-default\" data-id=\"4ac1f3c6\" data-element_type=\"section\">\n\t\t\t\t\t\t<div class=\"elementor-container elementor-column-gap-default\">\n\t\t\t\t\t<div class=\"elementor-column elementor-col-33 elementor-inner-column elementor-element elementor-element-51769604\" data-id=\"51769604\" data-element_type=\"column\" data-settings=\"{&quot;background_background&quot;:&quot;slideshow&quot;,&quot;background_slideshow_gallery&quot;:[],&quot;background_slideshow_loop&quot;:&quot;yes&quot;,&quot;background_slideshow_slide_duration&quot;:5000,&quot;background_slideshow_slide_transition&quot;:&quot;fade&quot;,&quot;background_slideshow_transition_duration&quot;:500}\">\n\t\t\t<div class=\"elementor-widget-wrap elementor-element-populated\">\n\t\t\t\t\t\t\t<\/div>\n\t\t<\/div>\n\t\t\t\t<div class=\"elementor-column elementor-col-33 elementor-inner-column elementor-element elementor-element-3881558d\" data-id=\"3881558d\" data-element_type=\"column\" data-settings=\"{&quot;background_background&quot;:&quot;slideshow&quot;,&quot;background_slideshow_gallery&quot;:[],&quot;background_slideshow_loop&quot;:&quot;yes&quot;,&quot;background_slideshow_slide_duration&quot;:5000,&quot;background_slideshow_slide_transition&quot;:&quot;fade&quot;,&quot;background_slideshow_transition_duration&quot;:500}\">\n\t\t\t<div class=\"elementor-widget-wrap elementor-element-populated\">\n\t\t\t\t\t\t<div class=\"elementor-element elementor-element-453522cd elementor-widget elementor-widget-image\" data-id=\"453522cd\" data-element_type=\"widget\" data-widget_type=\"image.default\">\n\t\t\t\t<div class=\"elementor-widget-container\">\n\t\t\t\t\t\t\t\t\t\t\t\t<figure class=\"wp-caption\">\n\t\t\t\t\t\t\t\t\t\t\t<a href=\"https:\/\/eorganiceu.com\/download\/seguridadalimentaria\/\" target=\"_blank\">\n\t\t\t\t\t\t\t<img fetchpriority=\"high\" decoding=\"async\" width=\"1024\" height=\"965\" src=\"https:\/\/eorganiceu.com\/wp-content\/uploads\/2022\/10\/logo_son-1024x965.jpg\" class=\"elementor-animation-grow attachment-large size-large wp-image-326\" alt=\"\" srcset=\"https:\/\/eorganiceu.com\/wp-content\/uploads\/2022\/10\/logo_son-1024x965.jpg 1024w, https:\/\/eorganiceu.com\/wp-content\/uploads\/2022\/10\/logo_son-300x283.jpg 300w, https:\/\/eorganiceu.com\/wp-content\/uploads\/2022\/10\/logo_son-768x724.jpg 768w, https:\/\/eorganiceu.com\/wp-content\/uploads\/2022\/10\/logo_son.jpg 1172w\" sizes=\"(max-width: 1024px) 100vw, 1024px\" \/>\t\t\t\t\t\t\t\t<\/a>\n\t\t\t\t\t\t\t\t\t\t\t<figcaption class=\"widget-image-caption wp-caption-text\">Seguridad Alimentaria<\/figcaption>\n\t\t\t\t\t\t\t\t\t\t<\/figure>\n\t\t\t\t\t\t\t\t\t<\/div>\n\t\t\t\t<\/div>\n\t\t\t\t\t<\/div>\n\t\t<\/div>\n\t\t\t\t<div class=\"elementor-column elementor-col-33 elementor-inner-column elementor-element elementor-element-2f50dcbd\" data-id=\"2f50dcbd\" data-element_type=\"column\" data-settings=\"{&quot;background_background&quot;:&quot;slideshow&quot;,&quot;background_slideshow_gallery&quot;:[],&quot;background_slideshow_loop&quot;:&quot;yes&quot;,&quot;background_slideshow_slide_duration&quot;:5000,&quot;background_slideshow_slide_transition&quot;:&quot;fade&quot;,&quot;background_slideshow_transition_duration&quot;:500}\">\n\t\t\t<div class=\"elementor-widget-wrap elementor-element-populated\">\n\t\t\t\t\t\t\t<\/div>\n\t\t<\/div>\n\t\t\t\t\t<\/div>\n\t\t<\/section>\n\t\t\t\t\t<\/div>\n\t\t<\/div>\n\t\t\t\t\t<\/div>\n\t\t<\/section>\n\t\t\t\t<\/div>\n\t\t","protected":false},"excerpt":{"rendered":"<p>Historia Legislaci\u00f3n Y Pol\u00edcticas De Certificaci\u00f3n Ecologia Ethologia Cria Salud Y Bienestar Animal Reproducci\u00f3n Nutrici\u00f3n Gesti\u00f3n de explotaciones Seguridad Alimentaria<\/p>\n","protected":false},"author":1,"featured_media":0,"parent":0,"menu_order":0,"comment_status":"closed","ping_status":"closed","template":"","meta":{"site-sidebar-layout":"no-sidebar","site-content-layout":"page-builder","ast-site-content-layout":"default","site-content-style":"default","site-sidebar-style":"default","ast-global-header-display":"","ast-banner-title-visibility":"","ast-main-header-display":"","ast-hfb-above-header-display":"","ast-hfb-below-header-display":"","ast-hfb-mobile-header-display":"","site-post-title":"disabled","ast-breadcrumbs-content":"","ast-featured-img":"disabled","footer-sml-layout":"","theme-transparent-header-meta":"default","adv-header-id-meta":"","stick-header-meta":"","header-above-stick-meta":"","header-main-stick-meta":"","header-below-stick-meta":"","astra-migrate-meta-layouts":"default","ast-page-background-enabled":"default","ast-page-background-meta":{"desktop":{"background-color":"var(--ast-global-color-4)","background-image":"","background-repeat":"repeat","background-position":"center center","background-size":"auto","background-attachment":"scroll","background-type":"","background-media":"","overlay-type":"","overlay-color":"","overlay-opacity":"","overlay-gradient":""},"tablet":{"background-color":"","background-image":"","background-repeat":"repeat","background-position":"center center","background-size":"auto","background-attachment":"scroll","background-type":"","background-media":"","overlay-type":"","overlay-color":"","overlay-opacity":"","overlay-gradient":""},"mobile":{"background-color":"","background-image":"","background-repeat":"repeat","background-position":"center center","background-size":"auto","background-attachment":"scroll","background-type":"","background-media":"","overlay-type":"","overlay-color":"","overlay-opacity":"","overlay-gradient":""}},"ast-content-background-meta":{"desktop":{"background-color":"var(--ast-global-color-5)","background-image":"","background-repeat":"repeat","background-position":"center center","background-size":"auto","background-attachment":"scroll","background-type":"","background-media":"","overlay-type":"","overlay-color":"","overlay-opacity":"","overlay-gradient":""},"tablet":{"background-color":"var(--ast-global-color-5)","background-image":"","background-repeat":"repeat","background-position":"center center","background-size":"auto","background-attachment":"scroll","background-type":"","background-media":"","overlay-type":"","overlay-color":"","overlay-opacity":"","overlay-gradient":""},"mobile":{"background-color":"var(--ast-global-color-5)","background-image":"","background-repeat":"repeat","background-position":"center center","background-size":"auto","background-attachment":"scroll","background-type":"","background-media":"","overlay-type":"","overlay-color":"","overlay-opacity":"","overlay-gradient":""}},"footnotes":""},"class_list":["post-169","page","type-page","status-publish","hentry"],"_links":{"self":[{"href":"https:\/\/eorganiceu.com\/index.php?rest_route=\/wp\/v2\/pages\/169","targetHints":{"allow":["GET"]}}],"collection":[{"href":"https:\/\/eorganiceu.com\/index.php?rest_route=\/wp\/v2\/pages"}],"about":[{"href":"https:\/\/eorganiceu.com\/index.php?rest_route=\/wp\/v2\/types\/page"}],"author":[{"embeddable":true,"href":"https:\/\/eorganiceu.com\/index.php?rest_route=\/wp\/v2\/users\/1"}],"replies":[{"embeddable":true,"href":"https:\/\/eorganiceu.com\/index.php?rest_route=%2Fwp%2Fv2%2Fcomments&post=169"}],"version-history":[{"count":36,"href":"https:\/\/eorganiceu.com\/index.php?rest_route=\/wp\/v2\/pages\/169\/revisions"}],"predecessor-version":[{"id":1589,"href":"https:\/\/eorganiceu.com\/index.php?rest_route=\/wp\/v2\/pages\/169\/revisions\/1589"}],"wp:attachment":[{"href":"https:\/\/eorganiceu.com\/index.php?rest_route=%2Fwp%2Fv2%2Fmedia&parent=169"}],"curies":[{"name":"wp","href":"https:\/\/api.w.org\/{rel}","templated":true}]}}